{"id":172,"date":"2024-02-19T20:58:35","date_gmt":"2024-02-20T01:58:35","guid":{"rendered":"https:\/\/waypowersolutions.com\/products-and-services\/"},"modified":"2024-04-09T11:52:50","modified_gmt":"2024-04-09T15:52:50","slug":"produits-et-services","status":"publish","type":"page","link":"https:\/\/waypowersolutions.com\/fr\/produits-et-services\/","title":{"rendered":"Produits et services"},"content":{"rendered":"<div class=\"wpb-content-wrapper\"><p>[vc_row equal_height=\u00a0\u00bbyes\u00a0\u00bb type=\u00a0\u00bbfull_width\u00a0\u00bb text_align=\u00a0\u00bbinherit\u00a0\u00bb el_class=\u00a0\u00bbtemporary-solutions-row marg-bot-30&Prime; el_id=\u00a0\u00bbpower\u00a0\u00bb][vc_column width=\u00a0\u00bb2\/3&Prime; el_class=\u00a0\u00bbpadding-100&Prime;][vc_column_text el_class=\u00a0\u00bbblue-text\u00a0\u00bb]<\/p>\n<h2>Solutions d&rsquo;alimentation temporaires<\/h2>\n<p>[\/vc_column_text][vc_column_text]La gamme compl\u00e8te de g\u00e9n\u00e9ratrices de haute capacit\u00e9 de Way Power Solutions, allant de 20 kW \u00e0 2 000 kW, est con\u00e7ue pour durer et fournir une alimentation s\u00fbre et fiable, certifi\u00e9e CSA, disponible avec une large gamme d&rsquo;accessoires, notamment des bo\u00eetiers r\u00e9sistants aux intemp\u00e9ries, des r\u00e9servoirs de carburant et interrupteurs et c\u00e2ble plug and play. Qu&rsquo;il s&rsquo;agisse d&rsquo;un \u00e9v\u00e9nement ou d&rsquo;un festival, de la maintenance d&rsquo;un b\u00e2timent, d&rsquo;un chantier de construction ou d&rsquo;une situation d&rsquo;urgence en cas de panne de courant, nous pouvons vous garder connect\u00e9 en toute s\u00e9curit\u00e9 sans interruptions inutiles.[\/vc_column_text]<a href=\"\/fr\/contact\/\" target=\"_self\" class=\"dist-btn type2\">Contactez-nous<\/a>[\/vc_column][vc_column width=\u00a0\u00bb1\/3&Prime; css=\u00a0\u00bb.vc_custom_1708462539366{background-image: url(http:\/\/waypowersolutions.com\/wp-content\/uploads\/2024\/02\/way-power-solutions-temporary-solutions-img.jpg?id=94) !important;}\u00a0\u00bb][\/vc_column][\/vc_row][vc_row equal_height=\u00a0\u00bbyes\u00a0\u00bb type=\u00a0\u00bbfull_width\u00a0\u00bb text_align=\u00a0\u00bbinherit\u00a0\u00bb el_class=\u00a0\u00bbtemporary-temp-controls-row marg-bot-30&Prime; el_id=\u00a0\u00bbtemperature\u00a0\u00bb][vc_column width=\u00a0\u00bb2\/3&Prime; el_class=\u00a0\u00bbpadding-100 vc_col-sm-push-4&Prime;][vc_column_text el_class=\u00a0\u00bbblue-text\u00a0\u00bb]<\/p>\n<h2>Solutions de contr\u00f4le temporaire de la temp\u00e9rature<\/h2>\n<p>[\/vc_column_text][vc_column_text]Nous sommes votre fournisseur complet de solutions fiables de chauffage et de refroidissement temporaires. Way Power Solutions propose des \u00e9quipements fiables et efficaces. Nos services techniques et de conception fournissent une solution compl\u00e8te, all\u00e9geant le fardeau de la planification.[\/vc_column_text]<a href=\"\/fr\/contact\/\" target=\"_self\" class=\"dist-btn type2\">Contactez-nous<\/a>[\/vc_column][vc_column width=\u00a0\u00bb1\/3&Prime; css=\u00a0\u00bb.vc_custom_1708462957505{background-image: url(http:\/\/waypowersolutions.com\/wp-content\/uploads\/2024\/02\/way-power-solutions-temporary-temp-controls-img.jpg?id=110) !important;}\u00a0\u00bb el_class=\u00a0\u00bbvc_col-sm-pull-8&Prime;][\/vc_column][\/vc_row][vc_row equal_height=\u00a0\u00bbyes\u00a0\u00bb type=\u00a0\u00bbfull_width\u00a0\u00bb text_align=\u00a0\u00bbinherit\u00a0\u00bb el_class=\u00a0\u00bbtemporary-solutions-row\u00a0\u00bb el_id=\u00a0\u00bbmaintenance\u00a0\u00bb][vc_column width=\u00a0\u00bb2\/3&Prime; el_class=\u00a0\u00bbpadding-100&Prime;][vc_column_text el_class=\u00a0\u00bbblue-text\u00a0\u00bb]<\/p>\n<h2>Solutions de maintenance des g\u00e9n\u00e9rateurs<\/h2>\n<p>[\/vc_column_text][vc_column_text]Way Power Solutions assurera les tests, l&rsquo;entretien et les r\u00e9parations pour toutes les marques et tous les styles de g\u00e9n\u00e9ratrices, de moteurs d&rsquo;entra\u00eenement et d&rsquo;appareillages de commutation, ceci avec l&rsquo;\u00e9quipement le plus r\u00e9cent et un personnel qualifi\u00e9. La maintenance pr\u00e9ventive de la g\u00e9n\u00e9ratrice est n\u00e9cessaire pour \u00e9viter les perturbations caus\u00e9es par les coupures de courant. Nous planifions des inspections qui nous permettent de d\u00e9tecter les probl\u00e8mes \u00e0 temps, et d\u2019implanter des mesures pr\u00e9ventives afin de pouvoir effectuer les r\u00e9parations au bon moment. Nous voulons nous assurer que votre g\u00e9n\u00e9ratrice d\u00e9marrera lorsque vous en aurez besoin.[\/vc_column_text]<a href=\"tel:+16137421977\" target=\"_self\" class=\"dist-btn type2\">Appelez-nous<\/a>[\/vc_column][vc_column width=\u00a0\u00bb1\/3&Prime; css=\u00a0\u00bb.vc_custom_1708463481752{background-image: url(http:\/\/waypowersolutions.com\/wp-content\/uploads\/2024\/02\/way-power-solutions-generator-maintenance-img.jpg?id=113) !important;}\u00a0\u00bb][\/vc_column][\/vc_row]<\/p>\n<\/div>","protected":false},"excerpt":{"rendered":"<p>[vc_row equal_height=\u00a0\u00bbyes\u00a0\u00bb type=\u00a0\u00bbfull_width\u00a0\u00bb text_align=\u00a0\u00bbinherit\u00a0\u00bb el_class=\u00a0\u00bbtemporary-solutions-row marg-bot-30&Prime; el_id=\u00a0\u00bbpower\u00a0\u00bb][vc_column width=\u00a0\u00bb2\/3&Prime; el_class=\u00a0\u00bbpadding-100&Prime;][vc_column_text el_class=\u00a0\u00bbblue-text\u00a0\u00bb] Solutions d&rsquo;alimentation temporaires [\/vc_column_text][vc_column_text]La gamme compl\u00e8te de g\u00e9n\u00e9ratrices de haute capacit\u00e9 de Way Power Solutions, allant de 20 kW \u00e0 2 000 kW, est con\u00e7ue pour durer et fournir une alimentation s\u00fbre et fiable, certifi\u00e9e CSA, disponible avec une large gamme d&rsquo;accessoires, notamment des bo\u00eetiers [&hellip;]<\/p>\n","protected":false},"author":1,"featured_media":0,"parent":0,"menu_order":0,"comment_status":"closed","ping_status":"closed","template":"","meta":{"_acf_changed":false,"_seopress_robots_primary_cat":"","_seopress_titles_title":"Produits et services | WAY Power Solutions","_seopress_titles_desc":"Explorez notre gamme de produits et services chez WAY Power Solutions, incluant des g\u00e9n\u00e9ratrices de haute capacit\u00e9 et des solutions de chauffage et de refroidissement temporaires.","_seopress_robots_index":"","footnotes":""},"class_list":["post-172","page","type-page","status-publish","hentry"],"acf":[],"_links":{"self":[{"href":"https:\/\/waypowersolutions.com\/fr\/wp-json\/wp\/v2\/pages\/172","targetHints":{"allow":["GET"]}}],"collection":[{"href":"https:\/\/waypowersolutions.com\/fr\/wp-json\/wp\/v2\/pages"}],"about":[{"href":"https:\/\/waypowersolutions.com\/fr\/wp-json\/wp\/v2\/types\/page"}],"author":[{"embeddable":true,"href":"https:\/\/waypowersolutions.com\/fr\/wp-json\/wp\/v2\/users\/1"}],"replies":[{"embeddable":true,"href":"https:\/\/waypowersolutions.com\/fr\/wp-json\/wp\/v2\/comments?post=172"}],"version-history":[{"count":3,"href":"https:\/\/waypowersolutions.com\/fr\/wp-json\/wp\/v2\/pages\/172\/revisions"}],"predecessor-version":[{"id":187,"href":"https:\/\/waypowersolutions.com\/fr\/wp-json\/wp\/v2\/pages\/172\/revisions\/187"}],"wp:attachment":[{"href":"https:\/\/waypowersolutions.com\/fr\/wp-json\/wp\/v2\/media?parent=172"}],"curies":[{"name":"wp","href":"https:\/\/api.w.org\/{rel}","templated":true}]}}