{"id":166,"date":"2024-02-19T19:33:33","date_gmt":"2024-02-20T00:33:33","guid":{"rendered":"https:\/\/waypowersolutions.com\/sample-page\/"},"modified":"2024-04-09T11:50:34","modified_gmt":"2024-04-09T15:50:34","slug":"sample-page","status":"publish","type":"page","link":"https:\/\/waypowersolutions.com\/fr\/","title":{"rendered":"Accueil"},"content":{"rendered":"<div class=\"wpb-content-wrapper\"><p>[vc_row type=\u00a0\u00bbin_grid\u00a0\u00bb text_align=\u00a0\u00bbinherit\u00a0\u00bb el_class=\u00a0\u00bbaccueil-title\u00a0\u00bb][vc_column][vc_row_inner type=\u00a0\u00bbfull_width\u00a0\u00bb text_align=\u00a0\u00bbinherit\u00a0\u00bb el_class=\u00a0\u00bbtext-center white-text\u00a0\u00bb][vc_column_inner][vc_column_text]<\/p>\n<h1>Nous sommes puissants<\/h1>\n<p>[\/vc_column_text][vc_column_text el_class=\u00a0\u00bbaccueil-title-subtitle tt-uppercase\u00a0\u00bb]<strong>Alimentation temporaire<\/strong> et <strong>contr\u00f4le de la temp\u00e9rature<\/strong>[\/vc_column_text][\/vc_column_inner][\/vc_row_inner][\/vc_column][\/vc_row][vc_row type=\u00a0\u00bbin_grid\u00a0\u00bb text_align=\u00a0\u00bbinherit\u00a0\u00bb css=\u00a0\u00bb.vc_custom_1708375468943{background-color: #000000 !important;}\u00a0\u00bb el_class=\u00a0\u00bbemergency-response-service-cta-row white-text\u00a0\u00bb][vc_column][vc_row_inner type=\u00a0\u00bbfull_width\u00a0\u00bb text_align=\u00a0\u00bbinherit\u00a0\u00bb el_class=\u00a0\u00bbemergency-response-service-cta-inner-row text-center\u00a0\u00bb][vc_column_inner][vc_column_text]Service d&rsquo;intervention d&rsquo;urgence <span class=\"grey-text tt-uppercase\">24h\/24<\/span> et <span class=\"grey-text tt-uppercase\">365 jours<\/span> <a href=\"tel:+16137421977\">613.742.1977<\/a>[\/vc_column_text][\/vc_column_inner][\/vc_row_inner][\/vc_column][\/vc_row][vc_row type=\u00a0\u00bbin_grid\u00a0\u00bb text_align=\u00a0\u00bbinherit\u00a0\u00bb el_class=\u00a0\u00bbtemporary-power-control-solutions-row padding-100 marg-bot-30&Prime;][vc_column][vc_row_inner type=\u00a0\u00bbfull_width\u00a0\u00bb text_align=\u00a0\u00bbinherit\u00a0\u00bb el_class=\u00a0\u00bbtemporary-power-control-solutions-title-row text-center\u00a0\u00bb][vc_column_inner][vc_column_text el_class=\u00a0\u00bbblue-text\u00a0\u00bb]<\/p>\n<h2>La seule <strong>solution<\/strong> pour tous vos besoins temporaires en mati\u00e8re d\u2019alimentation et de contr\u00f4le de la temp\u00e9rature<\/h2>\n<p>[\/vc_column_text][\/vc_column_inner][\/vc_row_inner][vc_row_inner equal_height=\u00a0\u00bbyes\u00a0\u00bb type=\u00a0\u00bbfull_width\u00a0\u00bb text_align=\u00a0\u00bbinherit\u00a0\u00bb el_class=\u00a0\u00bbtemporary-power-control-solutions-inner-row padding-t-50&Prime;][vc_column_inner width=\u00a0\u00bb5\/12&Prime;][vc_column_text]<strong class=\"blue-text\">Way Power Solutions<\/strong> est fier de fournir des solutions temporaires de contr\u00f4le de l\u2019alimentation et de la temp\u00e9rature. Notre \u00e9quipe a plus de 30 ans d\u2019exp\u00e9rience dans l\u2019approvisionnement, l\u2019installation et la fourniture de solutions pour diverses industries, \u00e9v\u00e9nements et situations d\u2019urgence.[\/vc_column_text][vc_column_text el_class=\u00a0\u00bbauthorized-distributor-text\u00a0\u00bb]Nous sommes un distributeur autoris\u00e9 des produits <strong>Kohler<\/strong>.[\/vc_column_text][\/vc_column_inner][vc_column_inner width=\u00a0\u00bb7\/12&Prime; css=\u00a0\u00bb.vc_custom_1708378523392{background-image: url(http:\/\/waypowersolutions.com\/wp-content\/uploads\/2024\/02\/way-power-solutions-temporary-power-img.jpg?id=39) !important;}\u00a0\u00bb][\/vc_column_inner][\/vc_row_inner][vc_row_inner equal_height=\u00a0\u00bbyes\u00a0\u00bb content_placement=\u00a0\u00bbmiddle\u00a0\u00bb disable_element=\u00a0\u00bbyes\u00a0\u00bb type=\u00a0\u00bbfull_width\u00a0\u00bb text_align=\u00a0\u00bbinherit\u00a0\u00bb el_class=\u00a0\u00bbtemporary-power-control-solutions-logos-row\u00a0\u00bb][vc_column_inner width=\u00a0\u00bb6\/12&Prime;][vc_column_text]We are an authorized distributor for <strong>SDMO<\/strong>, <strong>HI Power<\/strong> and <strong>Blue Star<\/strong> generators[\/vc_column_text][\/vc_column_inner][vc_column_inner width=\u00a0\u00bb2\/12&Prime;][vc_single_image image=\u00a0\u00bb45&Prime; img_size=\u00a0\u00bbfull\u00a0\u00bb alignment=\u00a0\u00bbcenter\u00a0\u00bb][\/vc_column_inner][vc_column_inner width=\u00a0\u00bb2\/12&Prime;][vc_single_image image=\u00a0\u00bb46&Prime; img_size=\u00a0\u00bbfull\u00a0\u00bb alignment=\u00a0\u00bbcenter\u00a0\u00bb][\/vc_column_inner][vc_column_inner width=\u00a0\u00bb2\/12&Prime;][vc_single_image image=\u00a0\u00bb47&Prime; img_size=\u00a0\u00bbfull\u00a0\u00bb alignment=\u00a0\u00bbcenter\u00a0\u00bb][\/vc_column_inner][\/vc_row_inner][\/vc_column][\/vc_row][vc_row type=\u00a0\u00bbin_grid\u00a0\u00bb text_align=\u00a0\u00bbinherit\u00a0\u00bb css=\u00a0\u00bb.vc_custom_1708444996185{background-color: #000000 !important;}\u00a0\u00bb el_class=\u00a0\u00bbproducts-services-row white-text padding-100 marg-bot-30&Prime;][vc_column][vc_row_inner type=\u00a0\u00bbfull_width\u00a0\u00bb text_align=\u00a0\u00bbinherit\u00a0\u00bb el_class=\u00a0\u00bbproducts-services-title-row padding-b-100 text-center\u00a0\u00bb][vc_column_inner][vc_column_text]Produits et services[\/vc_column_text][\/vc_column_inner][\/vc_row_inner][vc_row_inner equal_height=\u00a0\u00bbyes\u00a0\u00bb type=\u00a0\u00bbfull_width\u00a0\u00bb text_align=\u00a0\u00bbinherit\u00a0\u00bb el_class=\u00a0\u00bbproducts-services-inner-row\u00a0\u00bb][vc_column_inner width=\u00a0\u00bb1\/3&Prime;][vc_single_image image=\u00a0\u00bb143&Prime; img_size=\u00a0\u00bbfull\u00a0\u00bb alignment=\u00a0\u00bbcenter\u00a0\u00bb][vc_column_text]Solutions d&rsquo;alimentation temporaires[\/vc_column_text]<a href=\"\/fr\/produits-et-services\/\" target=\"_self\" class=\"dist-btn\">En savoir plus<\/a>[\/vc_column_inner][vc_column_inner width=\u00a0\u00bb1\/3&Prime;][vc_single_image image=\u00a0\u00bb57&Prime; img_size=\u00a0\u00bbfull\u00a0\u00bb alignment=\u00a0\u00bbcenter\u00a0\u00bb][vc_column_text]Solutions de contr\u00f4le temporaire de la temp\u00e9rature[\/vc_column_text]<a href=\"\/fr\/produits-et-services\/#temperature\" target=\"_self\" class=\"dist-btn\">En savoir plus<\/a>[\/vc_column_inner][vc_column_inner width=\u00a0\u00bb1\/3&Prime;][vc_single_image image=\u00a0\u00bb55&Prime; img_size=\u00a0\u00bbfull\u00a0\u00bb alignment=\u00a0\u00bbcenter\u00a0\u00bb][vc_column_text]Solutions de maintenance des g\u00e9n\u00e9rateurs[\/vc_column_text]<a href=\"\/fr\/produits-et-services\/#maintenance\" target=\"_self\" class=\"dist-btn\">En savoir plus<\/a>[\/vc_column_inner][\/vc_row_inner][\/vc_column][\/vc_row][vc_row type=\u00a0\u00bbfull_width\u00a0\u00bb text_align=\u00a0\u00bbinherit\u00a0\u00bb el_class=\u00a0\u00bbmarg-bot-30&Prime;][vc_column][vc_row_inner type=\u00a0\u00bbfull_width\u00a0\u00bb text_align=\u00a0\u00bbinherit\u00a0\u00bb][vc_column_inner]<div class=\"dist-shortcode-container wpb_content_element\">    <div class=\"acc-carousel-container\">\r\n        <div class=\"acc-carousel owl-carousel\">\r\n                                    <div class=\"acc-carousel-image\" style=\"background-image:url(https:\/\/waypowersolutions.com\/wp-content\/uploads\/2024\/02\/way-power-solutions-carousel-img-1.jpg);\"><\/div>\r\n                                    <div class=\"acc-carousel-image\" style=\"background-image:url(https:\/\/waypowersolutions.com\/wp-content\/uploads\/2024\/02\/way-power-solutions-carousel-img-2.jpg);\"><\/div>\r\n                                    <div class=\"acc-carousel-image\" style=\"background-image:url(https:\/\/waypowersolutions.com\/wp-content\/uploads\/2024\/02\/way-power-solutions-carousel-img-3.jpg);\"><\/div>\r\n                            <\/div>\r\n        <\/div>\r\n\r\n<\/div>[\/vc_column_inner][\/vc_row_inner][\/vc_column][\/vc_row][vc_row type=\u00a0\u00bbin_grid\u00a0\u00bb text_align=\u00a0\u00bbinherit\u00a0\u00bb el_class=\u00a0\u00bbfollow-us-online-row padding-100&Prime;][vc_column][vc_row_inner type=\u00a0\u00bbfull_width\u00a0\u00bb text_align=\u00a0\u00bbinherit\u00a0\u00bb el_class=\u00a0\u00bbproducts-services-title-row padding-b-50 text-center white-text\u00a0\u00bb][vc_column_inner][vc_column_text]Suivez-nous en ligne[\/vc_column_text][\/vc_column_inner][\/vc_row_inner][vc_row_inner equal_height=\u00a0\u00bbyes\u00a0\u00bb content_placement=\u00a0\u00bbmiddle\u00a0\u00bb type=\u00a0\u00bbfull_width\u00a0\u00bb text_align=\u00a0\u00bbinherit\u00a0\u00bb el_class=\u00a0\u00bbfollow-us-online-inner-row\u00a0\u00bb][vc_column_inner width=\u00a0\u00bb2\/12&Prime;][vc_column_text]<a href=\"#\" target=\"_blank\" rel=\"noopener\"><i class=\"fab fa-instagram\" style=\"font-size:60px\"><\/i><\/a>[\/vc_column_text][\/vc_column_inner][vc_column_inner width=\u00a0\u00bb8\/12&Prime;][vc_column_text el_class=\u00a0\u00bbtext-center white-text\u00a0\u00bb]<\/p>\n<h3>Restez \u00e0 l\u2019aff\u00fbt de nos derni\u00e8res nouvelles en nous suivant sur Facebook et Instagram!<\/h3>\n<p>[\/vc_column_text][\/vc_column_inner][vc_column_inner width=\u00a0\u00bb2\/12&Prime;][vc_column_text]<a href=\"https:\/\/www.facebook.com\/waypowersolutions\/\" target=\"_blank\" rel=\"noopener\"><i class=\"fab fa-facebook\" style=\"font-size:80px\"><\/i><\/a>[\/vc_column_text][\/vc_column_inner][\/vc_row_inner][\/vc_column][\/vc_row]<\/p>\n<\/div>","protected":false},"excerpt":{"rendered":"<p>[vc_row type=\u00a0\u00bbin_grid\u00a0\u00bb text_align=\u00a0\u00bbinherit\u00a0\u00bb el_class=\u00a0\u00bbaccueil-title\u00a0\u00bb][vc_column][vc_row_inner type=\u00a0\u00bbfull_width\u00a0\u00bb text_align=\u00a0\u00bbinherit\u00a0\u00bb el_class=\u00a0\u00bbtext-center white-text\u00a0\u00bb][vc_column_inner][vc_column_text] Nous sommes puissants [\/vc_column_text][vc_column_text el_class=\u00a0\u00bbaccueil-title-subtitle tt-uppercase\u00a0\u00bb]Alimentation temporaire et contr\u00f4le de la temp\u00e9rature[\/vc_column_text][\/vc_column_inner][\/vc_row_inner][\/vc_column][\/vc_row][vc_row type=\u00a0\u00bbin_grid\u00a0\u00bb text_align=\u00a0\u00bbinherit\u00a0\u00bb css=\u00a0\u00bb.vc_custom_1708375468943{background-color: #000000 !important;}\u00a0\u00bb el_class=\u00a0\u00bbemergency-response-service-cta-row white-text\u00a0\u00bb][vc_column][vc_row_inner type=\u00a0\u00bbfull_width\u00a0\u00bb text_align=\u00a0\u00bbinherit\u00a0\u00bb el_class=\u00a0\u00bbemergency-response-service-cta-inner-row text-center\u00a0\u00bb][vc_column_inner][vc_column_text]Service d&rsquo;intervention d&rsquo;urgence 24h\/24 et 365 jours 613.742.1977[\/vc_column_text][\/vc_column_inner][\/vc_row_inner][\/vc_column][\/vc_row][vc_row type=\u00a0\u00bbin_grid\u00a0\u00bb text_align=\u00a0\u00bbinherit\u00a0\u00bb el_class=\u00a0\u00bbtemporary-power-control-solutions-row padding-100 marg-bot-30&Prime;][vc_column][vc_row_inner type=\u00a0\u00bbfull_width\u00a0\u00bb text_align=\u00a0\u00bbinherit\u00a0\u00bb el_class=\u00a0\u00bbtemporary-power-control-solutions-title-row text-center\u00a0\u00bb][vc_column_inner][vc_column_text el_class=\u00a0\u00bbblue-text\u00a0\u00bb] La seule solution pour tous vos besoins [&hellip;]<\/p>\n","protected":false},"author":1,"featured_media":0,"parent":0,"menu_order":0,"comment_status":"closed","ping_status":"closed","template":"","meta":{"_acf_changed":false,"_seopress_robots_primary_cat":"","_seopress_titles_title":"WAY Power Solutions : Alimentation temporaire et contr\u00f4le de la temp\u00e9rature","_seopress_titles_desc":"D\u00e9couvrez les solutions temporaires d'alimentation et de contr\u00f4le de la temp\u00e9rature de WAY Power Solutions, votre partenaire fiable avec plus de 30 ans d'exp\u00e9rience.","_seopress_robots_index":"","footnotes":""},"class_list":["post-166","page","type-page","status-publish","hentry"],"acf":[],"_links":{"self":[{"href":"https:\/\/waypowersolutions.com\/fr\/wp-json\/wp\/v2\/pages\/166","targetHints":{"allow":["GET"]}}],"collection":[{"href":"https:\/\/waypowersolutions.com\/fr\/wp-json\/wp\/v2\/pages"}],"about":[{"href":"https:\/\/waypowersolutions.com\/fr\/wp-json\/wp\/v2\/types\/page"}],"author":[{"embeddable":true,"href":"https:\/\/waypowersolutions.com\/fr\/wp-json\/wp\/v2\/users\/1"}],"replies":[{"embeddable":true,"href":"https:\/\/waypowersolutions.com\/fr\/wp-json\/wp\/v2\/comments?post=166"}],"version-history":[{"count":7,"href":"https:\/\/waypowersolutions.com\/fr\/wp-json\/wp\/v2\/pages\/166\/revisions"}],"predecessor-version":[{"id":223,"href":"https:\/\/waypowersolutions.com\/fr\/wp-json\/wp\/v2\/pages\/166\/revisions\/223"}],"wp:attachment":[{"href":"https:\/\/waypowersolutions.com\/fr\/wp-json\/wp\/v2\/media?parent=166"}],"curies":[{"name":"wp","href":"https:\/\/api.w.org\/{rel}","templated":true}]}}